{"id":114,"date":"2021-12-14T09:26:55","date_gmt":"2021-12-14T09:26:55","guid":{"rendered":"https:\/\/cafebernina.test.ddss.ch\/?post_type=product&#038;p=114"},"modified":"2026-02-16T12:57:11","modified_gmt":"2026-02-16T12:57:11","slug":"cafe-di-palaz","status":"publish","type":"product","link":"https:\/\/cafe-bernina.ch\/en\/prodotto\/cafe-di-palaz\/","title":{"rendered":"Caf\u00e8 di Palaz"},"content":{"rendered":"","protected":false},"excerpt":{"rendered":"Per i cultori del caff\u00e8 pi\u00f9 leggero, ma che non rinunciano al sapore aromatico, pieno nonch\u00e9 fruttato in bocca.","protected":false},"featured_media":355,"comment_status":"open","ping_status":"closed","template":"","meta":{"_acf_changed":false,"_coblocks_attr":"","_coblocks_dimensions":"","_coblocks_responsive_height":"","_coblocks_accordion_ie_support":"","inline_featured_image":false},"product_brand":[],"product_cat":[22],"product_tag":[],"class_list":{"0":"post-114","1":"product","2":"type-product","3":"status-publish","4":"has-post-thumbnail","6":"product_cat-miscele","8":"first","9":"instock","10":"taxable","11":"shipping-taxable","12":"purchasable","13":"product-type-variable"},"acf":[],"jetpack_sharing_enabled":true,"_links":{"self":[{"href":"https:\/\/cafe-bernina.ch\/en\/wp-json\/wp\/v2\/product\/114","targetHints":{"allow":["GET"]}}],"collection":[{"href":"https:\/\/cafe-bernina.ch\/en\/wp-json\/wp\/v2\/product"}],"about":[{"href":"https:\/\/cafe-bernina.ch\/en\/wp-json\/wp\/v2\/types\/product"}],"replies":[{"embeddable":true,"href":"https:\/\/cafe-bernina.ch\/en\/wp-json\/wp\/v2\/comments?post=114"}],"wp:featuredmedia":[{"embeddable":true,"href":"https:\/\/cafe-bernina.ch\/en\/wp-json\/wp\/v2\/media\/355"}],"wp:attachment":[{"href":"https:\/\/cafe-bernina.ch\/en\/wp-json\/wp\/v2\/media?parent=114"}],"wp:term":[{"taxonomy":"product_brand","embeddable":true,"href":"https:\/\/cafe-bernina.ch\/en\/wp-json\/wp\/v2\/product_brand?post=114"},{"taxonomy":"product_cat","embeddable":true,"href":"https:\/\/cafe-bernina.ch\/en\/wp-json\/wp\/v2\/product_cat?post=114"},{"taxonomy":"product_tag","embeddable":true,"href":"https:\/\/cafe-bernina.ch\/en\/wp-json\/wp\/v2\/product_tag?post=114"}],"curies":[{"name":"wp","href":"https:\/\/api.w.org\/{rel}","templated":true}]}}